
{"id":7,"date":"2017-03-29T09:35:20","date_gmt":"2017-03-29T08:35:20","guid":{"rendered":"https:\/\/prechodbeskyd.cz\/?page_id=7"},"modified":"2024-05-31T06:22:22","modified_gmt":"2024-05-31T05:22:22","slug":"home","status":"publish","type":"page","link":"https:\/\/prechodbeskyd.cz\/","title":{"rendered":"O n\u00e1s"},"content":{"rendered":"<p><span style=\"font-size: 10pt;\">T\u0159i horsk\u00e9 chaty na h\u0159ebenech Moravskoslezsk\u00fdch Beskyd \u2013 <strong>chata Skalka<\/strong>, <strong>chata Kamenit\u00fd<\/strong> a <strong>chata Pra\u0161iv\u00e1<\/strong> nab\u00edzej\u00ed jedine\u010dnou mo\u017enost turistick\u00e9ho z\u00e1\u017eitku p\u0159echod Beskyd s\u00a0p\u0159enocov\u00e1n\u00edm na t\u0159ech chat\u00e1ch.<\/span><\/p>\n<p><span style=\"font-size: 10pt;\">N\u00e1v\u0161t\u011bvn\u00edk m\u00e1 mo\u017enost za\u017e\u00edt jednak jedine\u010dnou atmosf\u00e9ru t\u0159\u00ed horsk\u00fdch chat s\u00a0tradi\u010dn\u00ed m\u00edstn\u00ed kuchyn\u00ed a z\u00e1rove\u0148 na vlastn\u00ed smysly okusit zapadl\u00fd kout T\u011b\u0161\u00ednsk\u00fdch Beskyd s\u00a0hlubok\u00fdmi lesy, divokou p\u0159\u00edrodou, n\u00e1dhern\u00fdmi v\u00fdhledy do malebn\u00fdch \u00fadol\u00ed Beskyd, absenc\u00ed wifi, mobiln\u00edho sign\u00e1lu, lanovek a z\u00e1stupu turist\u016f.<\/span><\/p>\n<p><span style=\"font-size: 10pt;\">V\u00fdhodou nen\u00ed pouze cena ubytov\u00e1n\u00ed s\u00a0polopenz\u00ed na t\u0159ech chat\u00e1ch, ale i to, \u017ee v\u0161e objedn\u00e1v\u00e1te na jednom m\u00edst\u011b.<\/span><\/p>\n<table style=\"width: 859px;\">\n<tbody>\n<tr>\n<td style=\"width: 290px;\"><img loading=\"lazy\" decoding=\"async\" class=\"wp-image-32 aligncenter\" src=\"https:\/\/prechodbeskyd.cz\/wp-content\/uploads\/2017\/03\/P4280596-300x225.jpg\" alt=\"\" width=\"250\" height=\"188\" srcset=\"https:\/\/prechodbeskyd.cz\/wp-content\/uploads\/2017\/03\/P4280596-300x225.jpg 300w, https:\/\/prechodbeskyd.cz\/wp-content\/uploads\/2017\/03\/P4280596-768x576.jpg 768w, https:\/\/prechodbeskyd.cz\/wp-content\/uploads\/2017\/03\/P4280596-1024x768.jpg 1024w\" sizes=\"(max-width: 250px) 100vw, 250px\" \/><\/td>\n<td style=\"width: 292px;\"><img loading=\"lazy\" decoding=\"async\" class=\"wp-image-49 aligncenter\" src=\"https:\/\/prechodbeskyd.cz\/wp-content\/uploads\/2017\/03\/P1060443-300x225.jpg\" alt=\"\" width=\"250\" height=\"188\" srcset=\"https:\/\/prechodbeskyd.cz\/wp-content\/uploads\/2017\/03\/P1060443-300x225.jpg 300w, https:\/\/prechodbeskyd.cz\/wp-content\/uploads\/2017\/03\/P1060443-768x576.jpg 768w, https:\/\/prechodbeskyd.cz\/wp-content\/uploads\/2017\/03\/P1060443-1024x768.jpg 1024w\" sizes=\"(max-width: 250px) 100vw, 250px\" \/><\/td>\n<td style=\"width: 301px; text-align: center;\"><img loading=\"lazy\" decoding=\"async\" class=\"wp-image-56 aligncenter\" src=\"https:\/\/prechodbeskyd.cz\/wp-content\/uploads\/2017\/03\/prasiva.jpg\" alt=\"\" width=\"250\" height=\"187\" \/><\/td>\n<\/tr>\n<\/tbody>\n<\/table>\n<p><span style=\"font-size: 10pt;\"><strong>NOVINKA SEZ\u00d3NY 2024<\/strong> !!! \u2013 <strong>chata G\u00edrov\u00e1 \u2013 Trojmez\u00ed<\/strong><\/span><\/p>\n<p><span style=\"font-size: 10pt;\">Ano, dal\u0161\u00ed v\u00fdzva pro p\u0159\u00edznivce v\u00edcedenn\u00ed turistiky je tady. V\u00a0leto\u0161n\u00ed sez\u00f3n\u011b m\u016f\u017eete poprv\u00e9 vyu\u017e\u00edt nab\u00eddky P\u0159echodu Beskyd a jednu noc str\u00e1vit u na\u0161ich p\u0159\u00e1tel na rodinn\u00e9 chat\u011b G\u00edrov\u00e1 a nav\u0161t\u00edvit Trojmez\u00ed u Hr\u010davy, m\u00edsto, kde se <strong>st\u00fdkaj\u00ed hranice t\u0159\u00ed st\u00e1t\u016f<\/strong>: \u010ceska, Polska a Slovenska <em>(bli\u017e\u0161\u00ed informace v\u00a0z\u00e1lo\u017ece <a href=\"https:\/\/prechodbeskyd.cz\/?page_id=203\">Chata G\u00edrov\u00e1<\/a>)<\/em><\/span><\/p>\n<table style=\"width: 85.6823%; height: 317px;\">\n<tbody>\n<tr>\n<td style=\"width: 43.8052%;\"><img loading=\"lazy\" decoding=\"async\" class=\"wp-image-195 aligncenter\" src=\"https:\/\/prechodbeskyd.cz\/wp-content\/uploads\/2024\/05\/Girova-_vectorized-300x300.png\" alt=\"\" width=\"328\" height=\"328\" srcset=\"https:\/\/prechodbeskyd.cz\/wp-content\/uploads\/2024\/05\/Girova-_vectorized-300x300.png 300w, https:\/\/prechodbeskyd.cz\/wp-content\/uploads\/2024\/05\/Girova-_vectorized-150x150.png 150w, https:\/\/prechodbeskyd.cz\/wp-content\/uploads\/2024\/05\/Girova-_vectorized-144x144.png 144w, https:\/\/prechodbeskyd.cz\/wp-content\/uploads\/2024\/05\/Girova-_vectorized.png 500w\" sizes=\"(max-width: 328px) 100vw, 328px\" \/><\/td>\n<td style=\"width: 1.26882%;\"><\/td>\n<td style=\"width: 83.5707%;\"><img loading=\"lazy\" decoding=\"async\" class=\"wp-image-196 aligncenter\" src=\"https:\/\/prechodbeskyd.cz\/wp-content\/uploads\/2024\/05\/IMG_2292-300x196.jpg\" alt=\"\" width=\"484\" height=\"316\" srcset=\"https:\/\/prechodbeskyd.cz\/wp-content\/uploads\/2024\/05\/IMG_2292-300x196.jpg 300w, https:\/\/prechodbeskyd.cz\/wp-content\/uploads\/2024\/05\/IMG_2292-1024x670.jpg 1024w, https:\/\/prechodbeskyd.cz\/wp-content\/uploads\/2024\/05\/IMG_2292-768x503.jpg 768w, https:\/\/prechodbeskyd.cz\/wp-content\/uploads\/2024\/05\/IMG_2292.jpg 1170w\" sizes=\"(max-width: 484px) 100vw, 484px\" \/><\/td>\n<\/tr>\n<\/tbody>\n<\/table>\n","protected":false},"excerpt":{"rendered":"<p>T\u0159i horsk\u00e9 chaty na h\u0159ebenech Moravskoslezsk\u00fdch Beskyd \u2013 chata Skalka, chata Kamenit\u00fd a chata Pra\u0161iv\u00e1 nab\u00edzej\u00ed jedine\u010dnou mo\u017enost turistick\u00e9ho z\u00e1\u017eitku p\u0159echod Beskyd s\u00a0p\u0159enocov\u00e1n\u00edm na t\u0159ech chat\u00e1ch. N\u00e1v\u0161t\u011bvn\u00edk m\u00e1 mo\u017enost za\u017e\u00edt jednak jedine\u010dnou atmosf\u00e9ru t\u0159\u00ed horsk\u00fdch chat s\u00a0tradi\u010dn\u00ed m\u00edstn\u00ed kuchyn\u00ed a z\u00e1rove\u0148 na vlastn\u00ed smysly okusit zapadl\u00fd kout T\u011b\u0161\u00ednsk\u00fdch Beskyd s\u00a0hlubok\u00fdmi lesy, divokou p\u0159\u00edrodou, n\u00e1dhern\u00fdmi v\u00fdhledy [&hellip;]<\/p>\n","protected":false},"author":3,"featured_media":0,"parent":0,"menu_order":0,"comment_status":"closed","ping_status":"closed","template":"","meta":{"footnotes":""},"aioseo_notices":[],"_links":{"self":[{"href":"https:\/\/prechodbeskyd.cz\/index.php?rest_route=\/wp\/v2\/pages\/7"}],"collection":[{"href":"https:\/\/prechodbeskyd.cz\/index.php?rest_route=\/wp\/v2\/pages"}],"about":[{"href":"https:\/\/prechodbeskyd.cz\/index.php?rest_route=\/wp\/v2\/types\/page"}],"author":[{"embeddable":true,"href":"https:\/\/prechodbeskyd.cz\/index.php?rest_route=\/wp\/v2\/users\/3"}],"replies":[{"embeddable":true,"href":"https:\/\/prechodbeskyd.cz\/index.php?rest_route=%2Fwp%2Fv2%2Fcomments&post=7"}],"version-history":[{"count":29,"href":"https:\/\/prechodbeskyd.cz\/index.php?rest_route=\/wp\/v2\/pages\/7\/revisions"}],"predecessor-version":[{"id":210,"href":"https:\/\/prechodbeskyd.cz\/index.php?rest_route=\/wp\/v2\/pages\/7\/revisions\/210"}],"wp:attachment":[{"href":"https:\/\/prechodbeskyd.cz\/index.php?rest_route=%2Fwp%2Fv2%2Fmedia&parent=7"}],"curies":[{"name":"wp","href":"https:\/\/api.w.org\/{rel}","templated":true}]}}