
{"id":24,"date":"2017-03-29T13:53:46","date_gmt":"2017-03-29T12:53:46","guid":{"rendered":"https:\/\/prechodbeskyd.cz\/?page_id=24"},"modified":"2024-02-12T07:07:56","modified_gmt":"2024-02-12T06:07:56","slug":"kontakt","status":"publish","type":"page","link":"https:\/\/prechodbeskyd.cz\/?page_id=24","title":{"rendered":"Cena &#038; kontakt"},"content":{"rendered":"<p><span style=\"font-size: 10pt;\">Cena &#8222;P\u0159echodu Beskyd&#8220; na chat\u00e1ch Skalka-Kamenit\u00fd-Pra\u0161iv\u00e1 je <strong>2.500,- K\u010d za osobu.<\/strong><\/span><\/p>\n<p><span style=\"font-size: 10pt;\">P\u0159ibyla mo\u017enost zkr\u00e1tit cestu na varianty <strong>Skalka-Kamenit\u00fd, Kamenit\u00fd-Pra\u0161iv\u00e1, nebo n\u00e1ro\u010dn\u011bj\u0161\u00ed varianta Skalka \u2013 Pra\u0161iv\u00e1, cca 38 km.<\/strong><\/span><\/p>\n<p><span style=\"font-size: 10pt;\">Tyto dvoudenn\u00ed varianty budou za cenu <strong>1.700,- K\u010d za osobu.<\/strong><\/span><\/p>\n<p><span style=\"font-size: 10pt;\">Rezervace je <strong>podm\u00edn\u011bna kauc\u00ed p\u0159evodem na \u00fa\u010det v pln\u00e9 v\u00fd\u0161i ceny.<\/strong> P\u0159\u00edpadn\u00e9 rozd\u011blen\u00ed plateb mezi \u00fa\u010dastn\u00edky je t\u0159eba dohodnout p\u0159edem.<\/span><\/p>\n<div>\n<div class=\"plain_line\"><span style=\"font-size: 10pt;\"><strong>Storno podm\u00ednky \u201eP\u0159echodu Beskyd\u201c:<\/strong><\/span><\/div>\n<p><span style=\"font-size: 10pt;\">Rezervaci lze zru\u0161it e-mailem, nebo telefonicky bez storno poplatku, (v\u017edy v\u0161ak potvrdit e-mailem) ve lh\u016ft\u011b 14 a v\u00edce dn\u016f p\u0159ed prvn\u00edm dnem rezervovan\u00e9ho<\/span><br \/>\n<span style=\"font-size: 10pt;\">ubytov\u00e1n\u00ed. Bude \u00fa\u010dtov\u00e1n pouze manipula\u010dn\u00ed poplatek ve v\u00fd\u0161i 100,- K\u010d.<\/span><br \/>\n<span style=\"font-size: 10pt;\">Zru\u0161en\u00edm rezervace ve lh\u016ft\u011b 14 a\u017e 7 dn\u00ed p\u0159ed prvn\u00edm dnem rezervace, bude \u00fa\u010dtov\u00e1n storno poplatek ve v\u00fd\u0161i 50% kauce za ka\u017ed\u00e9ho zru\u0161en\u00e9ho<\/span><br \/>\n<span style=\"font-size: 10pt;\">\u00fa\u010dastn\u00edka, nebo lze dohodnout \u010derp\u00e1n\u00ed kauce jin\u00fdm zp\u016fsobem.<\/span><br \/>\n<span style=\"font-size: 10pt;\">Zru\u0161en\u00edm rezervace ve lh\u016ft\u011b krat\u0161\u00ed ne\u017e 7 dn\u00ed p\u0159ed prvn\u00edm dnem rezervace bude \u00fa\u010dtov\u00e1n storno poplatek ve v\u00fd\u0161i 100% kauce za ka\u017ed\u00e9ho zru\u0161en\u00e9ho \u00fa\u010dastn\u00edka.<\/span><\/p>\n<p><span style=\"font-size: 10pt;\">V p\u0159\u00edpad\u011b, \u017ee \u00fa\u010dastn\u00edk z jak\u00fdkoliv d\u016fvod\u016f p\u0159ed\u010dasn\u011b ukon\u010d\u00ed pobyt, nebo nevyu\u017eije v\u0161echny dohodnut\u00e9 slu\u017eby, poskytovatel\u00e9 t\u011bchto slu\u017eeb nejsou<\/span><br \/>\n<span style=\"font-size: 10pt;\">povinni n\u00e1hradou, pokud nen\u00ed p\u0159\u00ed\u010dina na jejich stran\u011b.<\/span><\/p>\n<p><span style=\"font-size: 10pt;\">Poskytovatel\u00e9 t\u00e9to slu\u017eby uplatn\u00ed storno poplatek ve v\u00fd\u0161i 100% za ka\u017ed\u00e9ho \u00fa\u010dastn\u00edka rovn\u011b\u017e v p\u0159\u00edpad\u011b, \u017ee tito nevyu\u017eij\u00ed dohodnut\u00fd n\u00e1hradn\u00ed term\u00edn.<\/span><\/p>\n<p><span style=\"font-size: 10pt;\">Objedn\u00e1vky na e-mailov\u00e9 adrese: <a href=\"mailto:posta@chata-skalka.cz\" target=\"_blank\" rel=\"noopener noreferrer\">posta@chata-skalka.cz<\/a>, nebo p\u0159es kontaktn\u00ed formul\u00e1\u0159.<\/span><\/p>\n<p><span style=\"font-size: 10pt;\">U objedn\u00e1vek v\u017edy uv\u00e1d\u011bjte kontaktn\u00ed telefonn\u00ed \u010d\u00edslo, na kter\u00e9 <\/span><span style=\"font-size: 10pt;\">se budeme <\/span><span style=\"font-size: 10pt;\">moci dovolat v pr\u016fb\u011bhu samotn\u00e9ho P\u0159echodu Beskyd.<\/span><\/p>\n<p><span style=\"font-size: 10pt;\">P\u0159\u00edpadn\u00e9 dotazy na tel.: <strong>+420 608 566 008<br \/>\n<\/strong><\/span><\/p>\n<\/div>\n<p><strong><span style=\"font-size: 10pt;\">Kontaktn\u00ed formul\u00e1\u0159:<\/span><br \/>\n<\/strong>\n<div class=\"wpcf7 no-js\" id=\"wpcf7-f29-o1\" lang=\"cs-CZ\" dir=\"ltr\">\n<div class=\"screen-reader-response\"><p role=\"status\" aria-live=\"polite\" aria-atomic=\"true\"><\/p> <ul><\/ul><\/div>\n<form action=\"\/index.php?rest_route=%2Fwp%2Fv2%2Fpages%2F24#wpcf7-f29-o1\" method=\"post\" class=\"wpcf7-form init\" aria-label=\"Kontaktn\u00ed formul\u00e1\u0159\" novalidate=\"novalidate\" data-status=\"init\">\n<div style=\"display: none;\">\n<input type=\"hidden\" name=\"_wpcf7\" value=\"29\" \/>\n<input type=\"hidden\" name=\"_wpcf7_version\" value=\"5.8.7\" \/>\n<input type=\"hidden\" name=\"_wpcf7_locale\" value=\"cs_CZ\" \/>\n<input type=\"hidden\" name=\"_wpcf7_unit_tag\" value=\"wpcf7-f29-o1\" \/>\n<input type=\"hidden\" name=\"_wpcf7_container_post\" value=\"0\" \/>\n<input type=\"hidden\" name=\"_wpcf7_posted_data_hash\" value=\"\" \/>\n<input type=\"hidden\" name=\"_wpcf7_recaptcha_response\" value=\"\" \/>\n<\/div>\n<p><label> Va\u0161e jm\u00e9no (vy\u017eadov\u00e1no)<br \/>\n<span class=\"wpcf7-form-control-wrap\" data-name=\"your-name\"><input size=\"40\" class=\"wpcf7-form-control wpcf7-text wpcf7-validates-as-required\" aria-required=\"true\" aria-invalid=\"false\" value=\"\" type=\"text\" name=\"your-name\" \/><\/span> <\/label>\n<\/p>\n<p><label> V\u00e1\u0161 e-mail (vy\u017eadov\u00e1no)<br \/>\n<span class=\"wpcf7-form-control-wrap\" data-name=\"your-email\"><input size=\"40\" class=\"wpcf7-form-control wpcf7-email wpcf7-validates-as-required wpcf7-text wpcf7-validates-as-email\" aria-required=\"true\" aria-invalid=\"false\" value=\"\" type=\"email\" name=\"your-email\" \/><\/span> <\/label>\n<\/p>\n<p><label> V\u00e1\u0161 telefonn\u00ed kontakt (vy\u017eadov\u00e1no)<br \/>\n<span class=\"wpcf7-form-control-wrap\" data-name=\"telefon\"><input size=\"40\" maxlength=\"13\" minlength=\"13\" class=\"wpcf7-form-control wpcf7-tel wpcf7-validates-as-required wpcf7-text wpcf7-validates-as-tel\" aria-required=\"true\" aria-invalid=\"false\" value=\"+420777000111\" type=\"tel\" name=\"telefon\" \/><\/span> <\/label>\n<\/p>\n<p><label> P\u0159edm\u011bt<br \/>\n<span class=\"wpcf7-form-control-wrap\" data-name=\"your-subject\"><input size=\"40\" class=\"wpcf7-form-control wpcf7-text\" aria-invalid=\"false\" value=\"\" type=\"text\" name=\"your-subject\" \/><\/span> <\/label>\n<\/p>\n<p><label> Va\u0161e zpr\u00e1va<br \/>\n<span class=\"wpcf7-form-control-wrap\" data-name=\"your-message\"><textarea cols=\"40\" rows=\"10\" class=\"wpcf7-form-control wpcf7-textarea\" aria-invalid=\"false\" name=\"your-message\"><\/textarea><\/span> <\/label>\n<\/p>\n<p><input class=\"wpcf7-form-control wpcf7-submit has-spinner\" type=\"submit\" value=\"Odeslat\" \/>\n<\/p><div class=\"wpcf7-response-output\" aria-hidden=\"true\"><\/div>\n<\/form>\n<\/div>\n<strong><br \/>\n<\/strong><\/p>\n","protected":false},"excerpt":{"rendered":"<p>Cena &#8222;P\u0159echodu Beskyd&#8220; na chat\u00e1ch Skalka-Kamenit\u00fd-Pra\u0161iv\u00e1 je 2.500,- K\u010d za osobu. P\u0159ibyla mo\u017enost zkr\u00e1tit cestu na varianty Skalka-Kamenit\u00fd, Kamenit\u00fd-Pra\u0161iv\u00e1, nebo n\u00e1ro\u010dn\u011bj\u0161\u00ed varianta Skalka \u2013 Pra\u0161iv\u00e1, cca 38 km. Tyto dvoudenn\u00ed varianty budou za cenu 1.700,- K\u010d za osobu. Rezervace je podm\u00edn\u011bna kauc\u00ed p\u0159evodem na \u00fa\u010det v pln\u00e9 v\u00fd\u0161i ceny. P\u0159\u00edpadn\u00e9 rozd\u011blen\u00ed plateb mezi \u00fa\u010dastn\u00edky je [&hellip;]<\/p>\n","protected":false},"author":3,"featured_media":0,"parent":0,"menu_order":0,"comment_status":"closed","ping_status":"closed","template":"","meta":{"footnotes":""},"aioseo_notices":[],"_links":{"self":[{"href":"https:\/\/prechodbeskyd.cz\/index.php?rest_route=\/wp\/v2\/pages\/24"}],"collection":[{"href":"https:\/\/prechodbeskyd.cz\/index.php?rest_route=\/wp\/v2\/pages"}],"about":[{"href":"https:\/\/prechodbeskyd.cz\/index.php?rest_route=\/wp\/v2\/types\/page"}],"author":[{"embeddable":true,"href":"https:\/\/prechodbeskyd.cz\/index.php?rest_route=\/wp\/v2\/users\/3"}],"replies":[{"embeddable":true,"href":"https:\/\/prechodbeskyd.cz\/index.php?rest_route=%2Fwp%2Fv2%2Fcomments&post=24"}],"version-history":[{"count":22,"href":"https:\/\/prechodbeskyd.cz\/index.php?rest_route=\/wp\/v2\/pages\/24\/revisions"}],"predecessor-version":[{"id":185,"href":"https:\/\/prechodbeskyd.cz\/index.php?rest_route=\/wp\/v2\/pages\/24\/revisions\/185"}],"wp:attachment":[{"href":"https:\/\/prechodbeskyd.cz\/index.php?rest_route=%2Fwp%2Fv2%2Fmedia&parent=24"}],"curies":[{"name":"wp","href":"https:\/\/api.w.org\/{rel}","templated":true}]}}