
{"id":203,"date":"2024-05-31T06:18:14","date_gmt":"2024-05-31T05:18:14","guid":{"rendered":"https:\/\/prechodbeskyd.cz\/?page_id=203"},"modified":"2024-05-31T06:21:20","modified_gmt":"2024-05-31T05:21:20","slug":"chata-girova","status":"publish","type":"page","link":"https:\/\/prechodbeskyd.cz\/?page_id=203","title":{"rendered":"Chata G\u00edrov\u00e1"},"content":{"rendered":"<p><span style=\"font-size: 10pt;\"><strong>Chata G\u00edrov\u00e1 \u2013 za\u010d\u00e1tek \u010di konec trasy<\/strong><\/span><\/p>\n<p><span style=\"font-size: 10pt;\">Je-li prvn\u00ed zast\u00e1vkou na Va\u0161\u00ed trase chata G\u00edrov\u00e1, v\u00fdchoz\u00edm bodem je op\u011bt \u017eelezni\u010dn\u00ed stanice v\u00a0Mostech u Jablunkova. Tentokr\u00e1t se ale vyd\u00e1te po \u010derven\u00e9 turistick\u00e9 zna\u010dce p\u0159esn\u011b opa\u010dn\u00fdm sm\u011brem a budete stoupat necel\u00fdch 4,5 km kolem vrchu Studeni\u010dn\u00fd a\u017e k\u00a0chat\u011b G\u00edrov\u00e1 (775 m.n.m). Cestou se V\u00e1m budou otev\u00edrat n\u00e1dhern\u00e9 v\u00fdhledy do \u00fadol\u00ed sm\u011brem k\u00a0obc\u00edm Jablunkov, P\u00edsek a Bukovec, na druhou stranu pak v\u00fdhled na slovenskou Malou Fatru. Kousek p\u0159ed c\u00edlem si m\u016f\u017eete ud\u011blat \u201eodbo\u010dku\u201c na seskupen\u00ed skal \u010certovy ml\u00fdny a vyl\u00e9zt a\u017e na vrchol G\u00edrov\u00e1 (840 m.n.m.). Na chat\u011b G\u00edrov\u00e1 V\u00e1s \u010dek\u00e1 prvn\u00ed ve\u010de\u0159e, nocleh a sn\u00eddan\u011b. N\u00e1sleduj\u00edc\u00ed r\u00e1no m\u00e1te mo\u017enost vybrat si ze dvou tras. Prvn\u00ed sm\u011br Trojmez\u00ed a Hr\u010dava, odtud autobusem na \u0160ance a do c\u00edle druh\u00e9ho dne na chatu Skalka. Druh\u00e1 je krat\u0161\u00ed a vede rovnou p\u0159es \u0160ance na chatu Skalka.<\/span><\/p>\n<p><span style=\"font-size: 10pt;\">Pokud si vyberete prvn\u00ed del\u0161\u00ed trasu (cca 17 km p\u011b\u0161ky, Hr\u010dava \u2013 Mosty u Jablunkova autobus), pak budete pokra\u010dovat po \u010derven\u00e9 turistick\u00e9 zna\u010dce 2,5 km do osady Komorovsk\u00fd Gr\u00fa\u0148 a odtud po \u017elut\u00e9 turistick\u00e9 zna\u010dce 5 km\u00a0 p\u0159es Hr\u010davu a\u017e na Trojmez\u00ed \u2013 Tr\u00f3jstyk. U rozcestn\u00edku Jaworzynka \u2013 Lupienie si\u00a0 m\u016f\u017eete trasu zkr\u00e1tit a vydat se na Trojmez\u00ed\u00a0 p\u0159es Polsko. Z\u00a0Trojmez\u00ed se pak vyd\u00e1te Hr\u010davou na autobusovou zast\u00e1vku. Cestou doporu\u010dujeme posed\u011bt na terase Pra\u017e\u00edrni\u010dky u Chalupky a vychutnat si lahodnou k\u00e1vi\u010dku z\u00a0dom\u00e1c\u00ed pra\u017een\u00e9 k\u00e1vy. Autobusem \u010d. 781 se p\u0159esunete do Most\u016f u Jablunkova (zast\u00e1vka Na tunelu) a d\u00e1le pokra\u010dujete necel\u00e9 3 km po modr\u00e9 a n\u00e1sledn\u011b zelen\u00e9 turistick\u00e9 zna\u010dce sm\u011br Hradisko \u0160ance \u2013 zbytky opevn\u011bn\u00ed, valy a p\u0159\u00edkopy z\u00a0roku 1578, kter\u00e9 rozhodn\u011b stoj\u00ed za to nav\u0161t\u00edvit. Nyn\u00ed se vr\u00e1t\u00edte p\u016fl kilometru po zelen\u00e9 na \u0160ance a odtud se vyd\u00e1te na z\u00e1v\u011bre\u010dnou f\u00e1zi dne\u0161n\u00ed cesty a ta sm\u011b\u0159uje do c\u00edle na chatu Skalka. Cesta je dlouh\u00e1 cca 4 km a vede p\u0159es \u0160ance po modr\u00e9 sm\u011br rozcestn\u00edk Beskyd na Kostelky (za dobr\u00e9ho po\u010das\u00ed n\u00e1dhern\u00fd v\u00fdhled na masu Mal\u00e9 Fatry), odtud posledn\u00ed kilometr po \u010derven\u00e9 a\u017e co c\u00edle.<\/span><\/p>\n<p><span style=\"font-size: 10pt;\">Druhou mo\u017enost\u00ed je vydat necel\u00fdch 13 km dlouhou trasou p\u0159\u00edmo p\u0159es Jablunkovsk\u00fd pr\u016fsmyk na \u0160ance a odtud na Skalku. Z\u00a0chaty G\u00edrov\u00e1 se vyd\u00e1te nejprve po \u010derven\u00e9 turistick\u00e9 zna\u010dce sm\u011br rozcestn\u00edk Studeni\u010dn\u00fd a odtud po modr\u00e9 turistick\u00e9 zna\u010dce na Jablunkovsk\u00fd pr\u016fsmyk a kolem autobusov\u00e9 zast\u00e1vky Na tunelu k rozcestn\u00edku Mosty u Jablunkova \u017est. zast. D\u00e1le pokra\u010dujete ji\u017e v\u00fd\u0161e popsanou cestou.<\/span><\/p>\n<p><span style=\"font-size: 10pt;\">T\u011bmito dv\u011bma popsan\u00fdmi trasami se m\u016f\u017eete vydat i v\u00a0opa\u010dn\u00e9m sm\u011bru z\u00a0chaty Skalka.<\/span><\/p>\n<p><span style=\"text-decoration: underline;\"><strong><span style=\"font-size: 10pt;\">Podm\u00ednky a cena:<\/span><\/strong><\/span><\/p>\n<ol>\n<li><span style=\"font-size: 10pt;\">P\u0159\u00edplatek chata G\u00edrov\u00e1 800 K\u010d\/osoba\/noc (pouze ve spojen\u00ed s\u00a0dal\u0161\u00ed chatou, nen\u00ed mo\u017eno objednat zvl\u00e1\u0161\u0165).<\/span><\/li>\n<li><span style=\"font-size: 10pt;\">V\u00a0cen\u011b je zahrnuto ubytov\u00e1n\u00ed s\u00a0polopenz\u00ed.<\/span><\/li>\n<li><span style=\"font-size: 10pt;\">Prvn\u00ed den na chat\u011b G\u00edrov\u00e1 za\u010d\u00edn\u00e1 ubytov\u00e1n\u00edm nejd\u0159\u00edve od 14:00 a ve\u010de\u0159\u00ed do 18.00. V p\u0159\u00edpad\u011b zpo\u017ed\u011bn\u00ed bude mo\u017en\u00e1 jen studen\u00e1 ve\u010de\u0159e. Zpo\u017ed\u011bn\u00ed je t\u0159eba nahl\u00e1sit, zavolat, pop\u0159\u00edpad\u011b zaslat zpr\u00e1vu.<\/span><\/li>\n<li><span style=\"font-size: 10pt;\">V\u00a0ostatn\u00edm plat\u00ed obecn\u00e9 podm\u00ednky pro P\u0159echod Beskyd.<\/span><\/li>\n<\/ol>\n<p><img loading=\"lazy\" decoding=\"async\" class=\" wp-image-195 alignright\" src=\"https:\/\/prechodbeskyd.cz\/wp-content\/uploads\/2024\/05\/Girova-_vectorized-300x300.png\" alt=\"\" width=\"162\" height=\"162\" srcset=\"https:\/\/prechodbeskyd.cz\/wp-content\/uploads\/2024\/05\/Girova-_vectorized-300x300.png 300w, https:\/\/prechodbeskyd.cz\/wp-content\/uploads\/2024\/05\/Girova-_vectorized-150x150.png 150w, https:\/\/prechodbeskyd.cz\/wp-content\/uploads\/2024\/05\/Girova-_vectorized-144x144.png 144w, https:\/\/prechodbeskyd.cz\/wp-content\/uploads\/2024\/05\/Girova-_vectorized.png 500w\" sizes=\"(max-width: 162px) 100vw, 162px\" \/><\/p>\n","protected":false},"excerpt":{"rendered":"<p>Chata G\u00edrov\u00e1 \u2013 za\u010d\u00e1tek \u010di konec trasy Je-li prvn\u00ed zast\u00e1vkou na Va\u0161\u00ed trase chata G\u00edrov\u00e1, v\u00fdchoz\u00edm bodem je op\u011bt \u017eelezni\u010dn\u00ed stanice v\u00a0Mostech u Jablunkova. Tentokr\u00e1t se ale vyd\u00e1te po \u010derven\u00e9 turistick\u00e9 zna\u010dce p\u0159esn\u011b opa\u010dn\u00fdm sm\u011brem a budete stoupat necel\u00fdch 4,5 km kolem vrchu Studeni\u010dn\u00fd a\u017e k\u00a0chat\u011b G\u00edrov\u00e1 (775 m.n.m). Cestou se V\u00e1m budou otev\u00edrat n\u00e1dhern\u00e9 [&hellip;]<\/p>\n","protected":false},"author":3,"featured_media":0,"parent":0,"menu_order":0,"comment_status":"closed","ping_status":"closed","template":"","meta":{"footnotes":""},"aioseo_notices":[],"_links":{"self":[{"href":"https:\/\/prechodbeskyd.cz\/index.php?rest_route=\/wp\/v2\/pages\/203"}],"collection":[{"href":"https:\/\/prechodbeskyd.cz\/index.php?rest_route=\/wp\/v2\/pages"}],"about":[{"href":"https:\/\/prechodbeskyd.cz\/index.php?rest_route=\/wp\/v2\/types\/page"}],"author":[{"embeddable":true,"href":"https:\/\/prechodbeskyd.cz\/index.php?rest_route=\/wp\/v2\/users\/3"}],"replies":[{"embeddable":true,"href":"https:\/\/prechodbeskyd.cz\/index.php?rest_route=%2Fwp%2Fv2%2Fcomments&post=203"}],"version-history":[{"count":4,"href":"https:\/\/prechodbeskyd.cz\/index.php?rest_route=\/wp\/v2\/pages\/203\/revisions"}],"predecessor-version":[{"id":207,"href":"https:\/\/prechodbeskyd.cz\/index.php?rest_route=\/wp\/v2\/pages\/203\/revisions\/207"}],"wp:attachment":[{"href":"https:\/\/prechodbeskyd.cz\/index.php?rest_route=%2Fwp%2Fv2%2Fmedia&parent=203"}],"curies":[{"name":"wp","href":"https:\/\/api.w.org\/{rel}","templated":true}]}}